{"id":2758,"date":"2023-04-28T09:01:22","date_gmt":"2023-04-28T07:01:22","guid":{"rendered":"https:\/\/zercaofficial.com\/produkt\/hoodie-with-logo-10\/"},"modified":"2024-03-21T14:56:50","modified_gmt":"2024-03-21T13:56:50","slug":"zerca-zer-cd","status":"publish","type":"product","link":"https:\/\/zercaofficial.com\/en\/product\/zerca-zer-cd\/","title":{"rendered":"\u017berca &#8211; \u017ber (CD)"},"content":{"rendered":"<h4>\u017berca - \"\u017ber\" | CD | Limited Edition<\/h4>\n<p><img fetchpriority=\"high\" decoding=\"async\" class=\"alignnone wp-image-3665 size-full\" src=\"http:\/\/zercaofficial.com\/wp-content\/uploads\/2023\/04\/IMG_20220825_162843-scaled.jpg\" alt=\"\" width=\"2560\" height=\"1440\" srcset=\"https:\/\/zercaofficial.com\/wp-content\/uploads\/2023\/04\/IMG_20220825_162843-scaled.jpg 2560w, https:\/\/zercaofficial.com\/wp-content\/uploads\/2023\/04\/IMG_20220825_162843-300x169.jpg 300w, https:\/\/zercaofficial.com\/wp-content\/uploads\/2023\/04\/IMG_20220825_162843-1024x576.jpg 1024w, https:\/\/zercaofficial.com\/wp-content\/uploads\/2023\/04\/IMG_20220825_162843-768x432.jpg 768w, https:\/\/zercaofficial.com\/wp-content\/uploads\/2023\/04\/IMG_20220825_162843-1536x864.jpg 1536w, https:\/\/zercaofficial.com\/wp-content\/uploads\/2023\/04\/IMG_20220825_162843-2048x1152.jpg 2048w\" sizes=\"(max-width: 2560px) 100vw, 2560px\" \/><\/p>\n<blockquote><p><span class=\"yt-core-attributed-string yt-core-attributed-string--white-space-pre-wrap\"><span class=\"yt-core-attributed-string--link-inherit-color\"><em>The ideological universe of the past, the future and the present available to the senses in which matter and its circulation lead the main being. Where everything has its beginning and end, cause and effect, where \"Prey\" lasts...<\/em> <\/span><\/span><\/p><\/blockquote>\n<h5><strong><span class=\"yt-core-attributed-string yt-core-attributed-string--white-space-pre-wrap\"><span class=\"yt-core-attributed-string--link-inherit-color\">Tracklist:<\/span><\/span><\/strong><\/h5>\n<p><span class=\"yt-core-attributed-string yt-core-attributed-string--white-space-pre-wrap\"> <span class=\"yt-core-attributed-string--link-inherit-color\"><a class=\"yt-core-attributed-string__link yt-core-attributed-string__link--display-type yt-core-attributed-string__link--call-to-action-color\" tabindex=\"0\" href=\"https:\/\/www.youtube.com\/watch?v=JNq_P8ANuN8&amp;t=0s\" target=\"\" rel=\"nofollow noopener\">00:00<\/a><\/span><span class=\"yt-core-attributed-string--link-inherit-color\"> &#8211; Prolog <\/span><\/span><\/p>\n<p><span class=\"yt-core-attributed-string yt-core-attributed-string--white-space-pre-wrap\"><span class=\"yt-core-attributed-string--link-inherit-color\"><a class=\"yt-core-attributed-string__link yt-core-attributed-string__link--display-type yt-core-attributed-string__link--call-to-action-color\" tabindex=\"0\" href=\"https:\/\/www.youtube.com\/watch?v=JNq_P8ANuN8&amp;t=75s\" target=\"\" rel=\"nofollow noopener\">01:15<\/a><\/span><span class=\"yt-core-attributed-string--link-inherit-color\"> &#8211; Tembr <\/span><\/span><\/p>\n<p><span class=\"yt-core-attributed-string yt-core-attributed-string--white-space-pre-wrap\"><span class=\"yt-core-attributed-string--link-inherit-color\"><a class=\"yt-core-attributed-string__link yt-core-attributed-string__link--display-type yt-core-attributed-string__link--call-to-action-color\" tabindex=\"0\" href=\"https:\/\/www.youtube.com\/watch?v=JNq_P8ANuN8&amp;t=225s\" target=\"\" rel=\"nofollow noopener\">03:45<\/a><\/span><span class=\"yt-core-attributed-string--link-inherit-color\"> &#8211; \u017ber <\/span><\/span><\/p>\n<p><span class=\"yt-core-attributed-string yt-core-attributed-string--white-space-pre-wrap\"><span class=\"yt-core-attributed-string--link-inherit-color\"><a class=\"yt-core-attributed-string__link yt-core-attributed-string__link--display-type yt-core-attributed-string__link--call-to-action-color\" tabindex=\"0\" href=\"https:\/\/www.youtube.com\/watch?v=JNq_P8ANuN8&amp;t=320s\" target=\"\" rel=\"nofollow noopener\">05:20<\/a><\/span><span class=\"yt-core-attributed-string--link-inherit-color\"> &#8211; Uk\u0142ad Si\u0142 <\/span><\/span><\/p>\n<p><span class=\"yt-core-attributed-string yt-core-attributed-string--white-space-pre-wrap\"><span class=\"yt-core-attributed-string--link-inherit-color\"><a class=\"yt-core-attributed-string__link yt-core-attributed-string__link--display-type yt-core-attributed-string__link--call-to-action-color\" tabindex=\"0\" href=\"https:\/\/www.youtube.com\/watch?v=JNq_P8ANuN8&amp;t=445s\" target=\"\" rel=\"nofollow noopener\">07:25<\/a><\/span><span class=\"yt-core-attributed-string--link-inherit-color\"> &#8211; Bezmiar <\/span><\/span><\/p>\n<p><span class=\"yt-core-attributed-string yt-core-attributed-string--white-space-pre-wrap\"><span class=\"yt-core-attributed-string--link-inherit-color\"><a class=\"yt-core-attributed-string__link yt-core-attributed-string__link--display-type yt-core-attributed-string__link--call-to-action-color\" tabindex=\"0\" href=\"https:\/\/www.youtube.com\/watch?v=JNq_P8ANuN8&amp;t=598s\" target=\"\" rel=\"nofollow noopener\">09:58<\/a><\/span><span class=\"yt-core-attributed-string--link-inherit-color\"> &#8211; Siedem <\/span><\/span><\/p>\n<p><span class=\"yt-core-attributed-string yt-core-attributed-string--white-space-pre-wrap\"><span class=\"yt-core-attributed-string--link-inherit-color\"><a class=\"yt-core-attributed-string__link yt-core-attributed-string__link--display-type yt-core-attributed-string__link--call-to-action-color\" tabindex=\"0\" href=\"https:\/\/www.youtube.com\/watch?v=JNq_P8ANuN8&amp;t=758s\" target=\"\" rel=\"nofollow noopener\">12:38<\/a><\/span><span class=\"yt-core-attributed-string--link-inherit-color\"> &#8211; G\u0142usz <\/span><\/span><\/p>\n<p><span class=\"yt-core-attributed-string yt-core-attributed-string--white-space-pre-wrap\"><span class=\"yt-core-attributed-string--link-inherit-color\"><a class=\"yt-core-attributed-string__link yt-core-attributed-string__link--display-type yt-core-attributed-string__link--call-to-action-color\" tabindex=\"0\" href=\"https:\/\/www.youtube.com\/watch?v=JNq_P8ANuN8&amp;t=925s\" target=\"\" rel=\"nofollow noopener\">15:25<\/a><\/span><span class=\"yt-core-attributed-string--link-inherit-color\"> &#8211; Wszechle\u015bny <\/span><\/span><\/p>\n<p>&nbsp;<\/p>\n<h5><span class=\"yt-core-attributed-string yt-core-attributed-string--white-space-pre-wrap\"><strong><span class=\"yt-core-attributed-string--link-inherit-color\">Streams &amp; more: <\/span><\/strong><\/span><\/h5>\n<p><span class=\"yt-core-attributed-string yt-core-attributed-string--white-space-pre-wrap\"><span class=\"yt-core-attributed-string--link-inherit-color\"><a class=\"yt-core-attributed-string__link yt-core-attributed-string__link--display-type yt-core-attributed-string__link--call-to-action-color\" tabindex=\"0\" href=\"https:\/\/linktr.ee\/zerca.official\" target=\"_blank\" rel=\"nofollow noopener\">https:\/\/linktr.ee\/zerca.official<\/a><\/span><\/span><\/p>\n<p>&nbsp;<\/p>\n<h5><span class=\"yt-core-attributed-string yt-core-attributed-string--white-space-pre-wrap\"><span class=\"yt-core-attributed-string--link-inherit-color\">Follow \u017berca &amp; join the tribe!<br \/>\n<\/span><\/span><\/h5>\n<p><span class=\"yt-core-attributed-string yt-core-attributed-string--white-space-pre-wrap\"><span class=\"yt-core-attributed-string--link-inherit-color\">FB: <\/span><span class=\"yt-core-attributed-string--link-inherit-color\"><span class=\"yt-core-attributed-string--highlight-text-decorator\"><a class=\"yt-core-attributed-string__link yt-core-attributed-string__link--display-type yt-core-attributed-string__link--call-to-action-color\" tabindex=\"0\" href=\"https:\/\/www.facebook.com\/ZercaOfficial\" target=\"_blank\" rel=\"nofollow noopener\" aria-label=\"Facebook Channel Link: ZercaOfficial\">\u00a0<span class=\"yt-core-attributed-string--inline-flex-mod\"><img decoding=\"async\" class=\"yt-core-image yt-core-attributed-string__image-element yt-core-attributed-string__image-element--image-alignment-vertical-center yt-core-image--content-mode-scale-to-fill yt-core-image--loaded\" src=\"https:\/\/www.gstatic.com\/youtube\/img\/watch\/social_media\/facebook_1x.png\" alt=\"\" \/><\/span>\u00a0\/\u00a0zercaofficial\u00a0\u00a0<\/a><\/span><\/span><span class=\"yt-core-attributed-string--link-inherit-color\"> IG: <\/span><span class=\"yt-core-attributed-string--link-inherit-color\"><span class=\"yt-core-attributed-string--highlight-text-decorator\"><a class=\"yt-core-attributed-string__link yt-core-attributed-string__link--display-type yt-core-attributed-string__link--call-to-action-color\" tabindex=\"0\" href=\"https:\/\/www.instagram.com\/zerca.official\/\" target=\"_blank\" rel=\"nofollow noopener\" aria-label=\"Instagram Channel Link: zerca.official\">\u00a0<span class=\"yt-core-attributed-string--inline-flex-mod\"><img decoding=\"async\" class=\"yt-core-image yt-core-attributed-string__image-element yt-core-attributed-string__image-element--image-alignment-vertical-center yt-core-image--content-mode-scale-to-fill yt-core-image--loaded\" src=\"https:\/\/www.gstatic.com\/youtube\/img\/watch\/social_media\/instagram_1x.png\" alt=\"\" \/><\/span>\u00a0\/\u00a0zerca.official\u00a0\u00a0<\/a><\/span><\/span> <\/span><\/p>\n<p><span class=\"yt-core-attributed-string yt-core-attributed-string--white-space-pre-wrap\"><span class=\"yt-core-attributed-string--link-inherit-color\">Subscribe to <\/span><span class=\"yt-core-attributed-string--link-inherit-color\"><span class=\"yt-core-attributed-string--highlight-text-decorator\"><a class=\"yt-core-attributed-string__link yt-core-attributed-string__link--display-type yt-core-attributed-string__link--call-to-action-color\" tabindex=\"0\" href=\"https:\/\/youtube.com\/@ZercaOfficial\" target=\"_blank\" rel=\"nofollow noopener\" aria-label=\"YouTube Channel Link: @ZercaOfficial\">\u00a0\u00a0<span class=\"yt-core-attributed-string--inline-flex-mod\"><img decoding=\"async\" class=\"yt-core-image yt-core-attributed-string__image-element yt-core-attributed-string__image-element--image-alignment-vertical-center yt-core-image--content-mode-scale-to-fill yt-core-image--loaded\" src=\"https:\/\/www.gstatic.com\/youtube\/img\/watch\/yt_favicon.png\" alt=\"\" \/><\/span>\u00a0\/\u00a0@zercaofficial\u00a0\u00a0<\/a><\/span><\/span><span class=\"yt-core-attributed-string--link-inherit-color\">! <\/span><\/span><\/p>\n<p><span class=\"yt-core-attributed-string yt-core-attributed-string--white-space-pre-wrap\"><span class=\"yt-core-attributed-string--link-inherit-color\">&#8212;&#8212;&#8212;&#8212;&#8211; <\/span><\/span><\/p>\n<p>&nbsp;<\/p>\n<h5><span class=\"yt-core-attributed-string yt-core-attributed-string--white-space-pre-wrap\"><span class=\"yt-core-attributed-string--link-inherit-color\"><strong>Credits:<\/strong> <\/span><\/span><\/h5>\n<p><span class=\"yt-core-attributed-string yt-core-attributed-string--white-space-pre-wrap\"><span class=\"yt-core-attributed-string--link-inherit-color\"><a href=\"https:\/\/www.youtube.com\/@BartoszOdziomek\" target=\"_blank\" rel=\"noopener\"><strong>Bartosz Odziomek<\/strong><\/a> &#8211; dulcimer (on the track &#8222;\u017ber&#8221;)<\/span><\/span><\/p>\n<p><span class=\"yt-core-attributed-string yt-core-attributed-string--white-space-pre-wrap\"><span class=\"yt-core-attributed-string--link-inherit-color\">&#8222;Siedem&#8221; co-mixed with <a href=\"https:\/\/www.facebook.com\/trexstudio86\" target=\"_blank\" rel=\"noopener\"><strong>Tomasz Domoradzki (T-Rex Studio)\u00a0 <\/strong><\/a><\/span> <\/span><\/p>\n<p><span class=\"yt-core-attributed-string yt-core-attributed-string--white-space-pre-wrap\"><span class=\"yt-core-attributed-string--link-inherit-color\">Mastered by <a href=\"https:\/\/www.facebook.com\/piwkowskimastering\" target=\"_blank\" rel=\"noopener\"><strong>Grzegorz Piwkowski (High End Audio) <\/strong><\/a><\/span> <\/span><\/p>\n<p><span class=\"yt-core-attributed-string yt-core-attributed-string--white-space-pre-wrap\"><span class=\"yt-core-attributed-string--link-inherit-color\">Artwork by <strong><a href=\"https:\/\/www.instagram.com\/agata.malecka.illu\/\" target=\"_blank\" rel=\"noopener\">Agata Ma\u0142ecka<\/a>\u00a0 <\/strong><\/span> <\/span><\/p>\n<p>&nbsp;<\/p>\n<p><span class=\"yt-core-attributed-string yt-core-attributed-string--white-space-pre-wrap\"><span class=\"yt-core-attributed-string--link-inherit-color\">Composed, recorded, mixed &amp; produced by<strong> Bart\u0142omiej &#8222;\u017berca&#8221; Dziadosz <span class=\"yt-core-attributed-string--highlight-text-decorator\"><a class=\"yt-core-attributed-string__link yt-core-attributed-string__link--display-type yt-core-attributed-string__link--call-to-action-color\" tabindex=\"0\" href=\"https:\/\/www.youtube.com\/@BartlomiejDziadosz\" target=\"_blank\" rel=\"nofollow noopener\" aria-label=\"YouTube Channel Link: @ZercaOfficial\"><span class=\"yt-core-attributed-string--inline-flex-mod\">\u00a0 <img decoding=\"async\" class=\"yt-core-image yt-core-attributed-string__image-element yt-core-attributed-string__image-element--image-alignment-vertical-center yt-core-image--content-mode-scale-to-fill yt-core-image--loaded\" src=\"https:\/\/www.gstatic.com\/youtube\/img\/watch\/yt_favicon.png\" alt=\"\" \/><\/span> \/ @<\/a><\/span><\/strong><span class=\"yt-core-attributed-string--highlight-text-decorator\"><a class=\"yt-core-attributed-string__link yt-core-attributed-string__link--display-type yt-core-attributed-string__link--call-to-action-color\" tabindex=\"0\" href=\"https:\/\/www.youtube.com\/@BartlomiejDziadosz\" target=\"_blank\" rel=\"nofollow noopener\" aria-label=\"YouTube Channel Link: @ZercaOfficial\">BartlomiejDziadosz<\/a><\/span><\/span><\/span><\/p>\n<p><strong><span class=\"yt-core-attributed-string yt-core-attributed-string--white-space-pre-wrap\"><span class=\"yt-core-attributed-string--link-inherit-color\">Copyright \u00a9 2022 \u017berca. All rights reserved.<\/span><\/span><\/strong><\/p>","protected":false},"excerpt":{"rendered":"<p>&#8222;\u017ber&#8221; P\u0142yta CD | Edycja Limitowana<\/p>","protected":false},"featured_media":1903,"comment_status":"open","ping_status":"closed","template":"","meta":{"site-sidebar-layout":"default","site-content-layout":"default","ast-global-header-display":"","ast-main-header-display":"","ast-hfb-above-header-display":"","ast-hfb-below-header-display":"","ast-hfb-mobile-header-display":"","site-post-title":"","ast-breadcrumbs-content":"","ast-featured-img":"","footer-sml-layout":"","theme-transparent-header-meta":"default","adv-header-id-meta":"","stick-header-meta":"","header-above-stick-meta":"","header-main-stick-meta":"","header-below-stick-meta":""},"product_cat":[24,23],"product_tag":[39,28,26,25],"yoast_head":"<!-- This site is optimized with the Yoast SEO plugin v21.7 - https:\/\/yoast.com\/wordpress\/plugins\/seo\/ -->\n<title>\u017berca - \u017ber (CD)<\/title>\n<meta name=\"description\" content=\"&quot;\u017ber&quot; | P\u0142yta CD | Limitowana Edycja | Wesprzyj tw\u00f3rczo\u015b\u0107 \u017bercy poprzez zakup albumu i do\u0142\u0105cz do podr\u00f3\u017cy od pierwotno\u015bci po futuryzm!\" \/>\n<meta name=\"robots\" content=\"index, follow, max-snippet:-1, max-image-preview:large, max-video-preview:-1\" \/>\n<link rel=\"canonical\" href=\"https:\/\/zercaofficial.com\/en\/product\/zerca-zer-cd\/\" \/>\n<meta property=\"og:locale\" content=\"en_GB\" \/>\n<meta property=\"og:type\" content=\"article\" \/>\n<meta property=\"og:title\" content=\"\u017berca - \u017ber (CD)\" \/>\n<meta property=\"og:description\" content=\"&quot;\u017ber&quot; | P\u0142yta CD | Limitowana Edycja | Wesprzyj tw\u00f3rczo\u015b\u0107 \u017bercy poprzez zakup albumu i do\u0142\u0105cz do podr\u00f3\u017cy od pierwotno\u015bci po futuryzm!\" \/>\n<meta property=\"og:url\" content=\"https:\/\/zercaofficial.com\/en\/product\/zerca-zer-cd\/\" \/>\n<meta property=\"og:site_name\" content=\"\u017berca\" \/>\n<meta property=\"article:publisher\" content=\"https:\/\/www.facebook.com\/ZercaOfficial\" \/>\n<meta property=\"article:modified_time\" content=\"2024-03-21T13:56:50+00:00\" \/>\n<meta property=\"og:image\" content=\"http:\/\/zercaofficial.com\/wp-content\/uploads\/2023\/04\/1920x1080-Zer_mock-up_okladka.jpg\" \/>\n\t<meta property=\"og:image:width\" content=\"1024\" \/>\n\t<meta property=\"og:image:height\" content=\"576\" \/>\n\t<meta property=\"og:image:type\" content=\"image\/jpeg\" \/>\n<meta name=\"twitter:card\" content=\"summary_large_image\" \/>\n<meta name=\"twitter:label1\" content=\"Estimated reading time\" \/>\n\t<meta name=\"twitter:data1\" content=\"2 minutes\" \/>\n<script type=\"application\/ld+json\" class=\"yoast-schema-graph\">{\"@context\":\"https:\/\/schema.org\",\"@graph\":[{\"@type\":\"WebPage\",\"@id\":\"https:\/\/zercaofficial.com\/produkt\/zerca-zer-cd\/\",\"url\":\"https:\/\/zercaofficial.com\/produkt\/zerca-zer-cd\/\",\"name\":\"\u017berca - \u017ber (CD)\",\"isPartOf\":{\"@id\":\"https:\/\/zercaofficial.com\/#website\"},\"datePublished\":\"2023-04-28T07:01:22+00:00\",\"dateModified\":\"2024-03-21T13:56:50+00:00\",\"description\":\"\\\"\u017ber\\\" | P\u0142yta CD | Limitowana Edycja | Wesprzyj tw\u00f3rczo\u015b\u0107 \u017bercy poprzez zakup albumu i do\u0142\u0105cz do podr\u00f3\u017cy od pierwotno\u015bci po futuryzm!\",\"breadcrumb\":{\"@id\":\"https:\/\/zercaofficial.com\/produkt\/zerca-zer-cd\/#breadcrumb\"},\"inLanguage\":\"en-GB\",\"potentialAction\":[{\"@type\":\"ReadAction\",\"target\":[\"https:\/\/zercaofficial.com\/produkt\/zerca-zer-cd\/\"]}]},{\"@type\":\"BreadcrumbList\",\"@id\":\"https:\/\/zercaofficial.com\/produkt\/zerca-zer-cd\/#breadcrumb\",\"itemListElement\":[{\"@type\":\"ListItem\",\"position\":1,\"name\":\"Strona g\u0142\u00f3wna\",\"item\":\"https:\/\/zercaofficial.com\/\"},{\"@type\":\"ListItem\",\"position\":2,\"name\":\"Sklep\",\"item\":\"https:\/\/zercaofficial.com\/sklep\/\"},{\"@type\":\"ListItem\",\"position\":3,\"name\":\"\u017berca &#8211; \u017ber (CD)\"}]},{\"@type\":\"WebSite\",\"@id\":\"https:\/\/zercaofficial.com\/#website\",\"url\":\"https:\/\/zercaofficial.com\/\",\"name\":\"\u017berca\",\"description\":\"Official Artist Page &amp; Merch Store\",\"publisher\":{\"@id\":\"https:\/\/zercaofficial.com\/#organization\"},\"alternateName\":\"Official Artist Page & Merch Store\",\"potentialAction\":[{\"@type\":\"SearchAction\",\"target\":{\"@type\":\"EntryPoint\",\"urlTemplate\":\"https:\/\/zercaofficial.com\/?s={search_term_string}\"},\"query-input\":\"required name=search_term_string\"}],\"inLanguage\":\"en-GB\"},{\"@type\":\"Organization\",\"@id\":\"https:\/\/zercaofficial.com\/#organization\",\"name\":\"\u017berca\",\"alternateName\":\"\u017berca\",\"url\":\"https:\/\/zercaofficial.com\/\",\"logo\":{\"@type\":\"ImageObject\",\"inLanguage\":\"en-GB\",\"@id\":\"https:\/\/zercaofficial.com\/#\/schema\/logo\/image\/\",\"url\":\"https:\/\/zercaofficial.com\/wp-content\/uploads\/2023\/03\/profilowe-scaled.jpg\",\"contentUrl\":\"https:\/\/zercaofficial.com\/wp-content\/uploads\/2023\/03\/profilowe-scaled.jpg\",\"width\":2560,\"height\":2560,\"caption\":\"\u017berca\"},\"image\":{\"@id\":\"https:\/\/zercaofficial.com\/#\/schema\/logo\/image\/\"},\"sameAs\":[\"https:\/\/www.facebook.com\/ZercaOfficial\",\"https:\/\/www.instagram.com\/zerca.official\/\",\"https:\/\/www.tiktok.com\/@zerca.official\",\"https:\/\/www.youtube.com\/@ZercaOfficial\",\"https:\/\/open.spotify.com\/artist\/75kPSYU3MQCYTvZQhL5J8i\"]}]}<\/script>\n<!-- \/ Yoast SEO plugin. -->","yoast_head_json":{"title":"\u017berca - \u017ber (CD)","description":"\"\u017ber\" | P\u0142yta CD | Limitowana Edycja | Wesprzyj tw\u00f3rczo\u015b\u0107 \u017bercy poprzez zakup albumu i do\u0142\u0105cz do podr\u00f3\u017cy od pierwotno\u015bci po futuryzm!","robots":{"index":"index","follow":"follow","max-snippet":"max-snippet:-1","max-image-preview":"max-image-preview:large","max-video-preview":"max-video-preview:-1"},"canonical":"https:\/\/zercaofficial.com\/en\/product\/zerca-zer-cd\/","og_locale":"en_GB","og_type":"article","og_title":"\u017berca - \u017ber (CD)","og_description":"\"\u017ber\" | P\u0142yta CD | Limitowana Edycja | Wesprzyj tw\u00f3rczo\u015b\u0107 \u017bercy poprzez zakup albumu i do\u0142\u0105cz do podr\u00f3\u017cy od pierwotno\u015bci po futuryzm!","og_url":"https:\/\/zercaofficial.com\/en\/product\/zerca-zer-cd\/","og_site_name":"\u017berca","article_publisher":"https:\/\/www.facebook.com\/ZercaOfficial","article_modified_time":"2024-03-21T13:56:50+00:00","og_image":[{"url":"http:\/\/zercaofficial.com\/wp-content\/uploads\/2023\/04\/1920x1080-Zer_mock-up_okladka.jpg","width":1024,"height":576,"type":"image\/jpeg"}],"twitter_card":"summary_large_image","twitter_misc":{"Estimated reading time":"2 minutes"},"schema":{"@context":"https:\/\/schema.org","@graph":[{"@type":"WebPage","@id":"https:\/\/zercaofficial.com\/produkt\/zerca-zer-cd\/","url":"https:\/\/zercaofficial.com\/produkt\/zerca-zer-cd\/","name":"\u017berca - \u017ber (CD)","isPartOf":{"@id":"https:\/\/zercaofficial.com\/#website"},"datePublished":"2023-04-28T07:01:22+00:00","dateModified":"2024-03-21T13:56:50+00:00","description":"\"\u017ber\" | P\u0142yta CD | Limitowana Edycja | Wesprzyj tw\u00f3rczo\u015b\u0107 \u017bercy poprzez zakup albumu i do\u0142\u0105cz do podr\u00f3\u017cy od pierwotno\u015bci po futuryzm!","breadcrumb":{"@id":"https:\/\/zercaofficial.com\/produkt\/zerca-zer-cd\/#breadcrumb"},"inLanguage":"en-GB","potentialAction":[{"@type":"ReadAction","target":["https:\/\/zercaofficial.com\/produkt\/zerca-zer-cd\/"]}]},{"@type":"BreadcrumbList","@id":"https:\/\/zercaofficial.com\/produkt\/zerca-zer-cd\/#breadcrumb","itemListElement":[{"@type":"ListItem","position":1,"name":"Strona g\u0142\u00f3wna","item":"https:\/\/zercaofficial.com\/"},{"@type":"ListItem","position":2,"name":"Sklep","item":"https:\/\/zercaofficial.com\/sklep\/"},{"@type":"ListItem","position":3,"name":"\u017berca &#8211; \u017ber (CD)"}]},{"@type":"WebSite","@id":"https:\/\/zercaofficial.com\/#website","url":"https:\/\/zercaofficial.com\/","name":"\u017berca","description":"Official Artist Page &amp; Merch Store","publisher":{"@id":"https:\/\/zercaofficial.com\/#organization"},"alternateName":"Official Artist Page & Merch Store","potentialAction":[{"@type":"SearchAction","target":{"@type":"EntryPoint","urlTemplate":"https:\/\/zercaofficial.com\/?s={search_term_string}"},"query-input":"required name=search_term_string"}],"inLanguage":"en-GB"},{"@type":"Organization","@id":"https:\/\/zercaofficial.com\/#organization","name":"\u017berca","alternateName":"\u017berca","url":"https:\/\/zercaofficial.com\/","logo":{"@type":"ImageObject","inLanguage":"en-GB","@id":"https:\/\/zercaofficial.com\/#\/schema\/logo\/image\/","url":"https:\/\/zercaofficial.com\/wp-content\/uploads\/2023\/03\/profilowe-scaled.jpg","contentUrl":"https:\/\/zercaofficial.com\/wp-content\/uploads\/2023\/03\/profilowe-scaled.jpg","width":2560,"height":2560,"caption":"\u017berca"},"image":{"@id":"https:\/\/zercaofficial.com\/#\/schema\/logo\/image\/"},"sameAs":["https:\/\/www.facebook.com\/ZercaOfficial","https:\/\/www.instagram.com\/zerca.official\/","https:\/\/www.tiktok.com\/@zerca.official","https:\/\/www.youtube.com\/@ZercaOfficial","https:\/\/open.spotify.com\/artist\/75kPSYU3MQCYTvZQhL5J8i"]}]}},"jetpack_sharing_enabled":true,"_links":{"self":[{"href":"https:\/\/zercaofficial.com\/en\/wp-json\/wp\/v2\/product\/2758"}],"collection":[{"href":"https:\/\/zercaofficial.com\/en\/wp-json\/wp\/v2\/product"}],"about":[{"href":"https:\/\/zercaofficial.com\/en\/wp-json\/wp\/v2\/types\/product"}],"replies":[{"embeddable":true,"href":"https:\/\/zercaofficial.com\/en\/wp-json\/wp\/v2\/comments?post=2758"}],"wp:featuredmedia":[{"embeddable":true,"href":"https:\/\/zercaofficial.com\/en\/wp-json\/wp\/v2\/media\/1903"}],"wp:attachment":[{"href":"https:\/\/zercaofficial.com\/en\/wp-json\/wp\/v2\/media?parent=2758"}],"wp:term":[{"taxonomy":"product_cat","embeddable":true,"href":"https:\/\/zercaofficial.com\/en\/wp-json\/wp\/v2\/product_cat?post=2758"},{"taxonomy":"product_tag","embeddable":true,"href":"https:\/\/zercaofficial.com\/en\/wp-json\/wp\/v2\/product_tag?post=2758"}],"curies":[{"name":"wp","href":"https:\/\/api.w.org\/{rel}","templated":true}]}}